{"id":1604,"date":"2020-10-21T20:40:05","date_gmt":"2020-10-21T20:40:05","guid":{"rendered":"http:\/\/www.windmill.co.rs\/?page_id=1604"},"modified":"2020-12-24T11:26:51","modified_gmt":"2020-12-24T11:26:51","slug":"windmill-spajz","status":"publish","type":"page","link":"http:\/\/www.windmill.co.rs\/en\/windmill-spajz\/","title":{"rendered":"Pantry"},"content":{"rendered":"<div class=\"container-fluid\"><main id=\"main\" class=\"site-main\" role=\"main\"><p><\/p>\n<section class=\"section section-archive fit\">\n<div class=\"menu menu-board\">\n<div class=\"isotope isotope-col-lg-6 isotope-compact board\" style=\"position: relative; height: 1130.22px;\">\n<div class=\"column-sizer\">&nbsp;<\/div>\n<div class=\"gutter-sizer\">&nbsp;<\/div>\n<div class=\"item item-alter item-large item-inverse\" style=\"position: absolute; left: 0px; top: 0px;\">\n<article id=\"post-136\" class=\"template-complex post-136 highgrove_dish type-highgrove_dish status-publish has-post-thumbnail hentry tag-wine highgrove_dish_category-wine\">\n<div class=\"entry-thumbnail\"><img loading=\"lazy\" class=\"img-responsive wp-post-image\" src=\"http:\/\/www.windmill.co.rs\/wp-content\/uploads\/2020\/11\/DSC_4695-br2.jpg\" sizes=\"(max-width: 720px) 100vw, 720px\" srcset=\"http:\/\/www.windmill.co.rs\/wp-content\/uploads\/2020\/11\/DSC_4695-br2.jpg 720w, http:\/\/www.windmill.co.rs\/wp-content\/uploads\/2020\/11\/DSC_4695-br2.jpg 360w\" alt=\"661b1a09e8482aed1614882d9b9d8f7c\" width=\"720\" height=\"640\"><\/div>\n<div class=\"entry-body\">\n<header class=\"entry-header\"><i class=\"fa fa-cutlery\"><\/i><p><\/p>\n<p class=\"entry-title\">Sweet pantry<\/p>\n<hr><\/header>\n<div class=\"entry-content\">\n<p><b>Brownies<\/b><\/p>\n<p class=\"hidden-xl\">Order brownies. 10 pieces<\/p>\n<div class=\"visible-xl-block\">\n<p>Order our brownies. box of 10 pieces<\/p>\n<p><\/p>\n<\/div>\n<p><i class=\"price\">RSD 600<\/i><\/p>\n<\/div>\n<\/div>\n<div class=\"clearfix\">&nbsp;<\/div>\n<\/article>\n<\/div>\n<div class=\"item item-alter item-large item-inverse\" style=\"position: absolute; left: 1271px; top: 0px;\">\n<article id=\"post-140\" class=\"template-complex post-140 highgrove_dish type-highgrove_dish status-publish has-post-thumbnail hentry tag-wine highgrove_dish_category-wine\">\n<div class=\"entry-thumbnail\"><img loading=\"lazy\" class=\"img-responsive wp-post-image\" src=\"http:\/\/www.windmill.co.rs\/wp-content\/uploads\/2020\/11\/DSC_5790-br2.jpg\" sizes=\"(max-width: 720px) 100vw, 720px\" srcset=\"http:\/\/www.windmill.co.rs\/wp-content\/uploads\/2020\/11\/DSC_5790-br2.jpg 720w, http:\/\/www.windmill.co.rs\/wp-content\/uploads\/2020\/11\/DSC_5790-br2.jpg 360w\" alt=\"7ff775141bdb71383899a6f8a9bcace6\" width=\"720\" height=\"640\"><\/div>\n<div class=\"entry-body\">\n<header class=\"entry-header\"><i class=\"fa fa-cutlery\"><\/i><p><\/p>\n<p class=\"entry-title\">SAVORY PANTRY<\/p>\n<hr><\/header>\n<div class=\"entry-content\">\n<p><b>Chicken pate<\/b><\/p>\n<div class=\"visible-xl-block\">\n<\/div>\n<p><i class=\"price\">RSD 250<\/i><\/p>\n<\/div>\n<\/div>\n<div class=\"clearfix\">&nbsp;<\/div>\n<\/article>\n<\/div>\n<div class=\"item item-alter item-large\" style=\"position: absolute; left: 0px; top: 565px;\">\n<article id=\"post-132\" class=\"template-complex post-132 highgrove_dish type-highgrove_dish status-publish has-post-thumbnail hentry tag-wine highgrove_dish_category-wine\">\n<div class=\"entry-thumbnail\"><img loading=\"lazy\" class=\"img-responsive wp-post-image\" src=\"http:\/\/www.windmill.co.rs\/wp-content\/uploads\/2020\/12\/za-sajt.jpg\" sizes=\"(max-width: 720px) 100vw, 720px\" srcset=\"http:\/\/www.windmill.co.rs\/wp-content\/uploads\/2020\/12\/za-sajt.jpg 720w, http:\/\/www.windmill.co.rs\/wp-content\/uploads\/2020\/12\/za-sajt.jpg 360w\" alt=\"6b7dec7fd24b71fb87815a716fa0f1e1\" width=\"720\" height=\"640\"><\/div>\n<div class=\"entry-body\">\n<header class=\"entry-header\"><i class=\"fa fa-cutlery\"><\/i><p><\/p>\n<p class=\"entry-title\">SAVORY PANTRY<\/p>\n<hr><\/header>\n<div class=\"entry-content\">\n<p>Our New<b>Lenten tuna pate<\/b><\/p>\n<div class=\"visible-xl-block\">\n<\/div>\n<p><i class=\"price\">RSD 300<\/i><\/p>\n<\/div>\n<\/div>\n<div class=\"clearfix\">&nbsp;<\/div>\n<\/article>\n<\/div>\n<div class=\"item item-alter item-large\" style=\"position: absolute; left: 1271px; top: 565px;\">\n<article id=\"post-120\" class=\"template-complex post-120 highgrove_dish type-highgrove_dish status-publish has-post-thumbnail hentry tag-wine highgrove_dish_category-wine\">\n<div class=\"entry-thumbnail\"><img loading=\"lazy\" class=\"img-responsive wp-post-image\" src=\"http:\/\/www.windmill.co.rs\/wp-content\/uploads\/2020\/12\/tousand-island-bolja.jpg\" sizes=\"(max-width: 720px) 100vw, 720px\" srcset=\"http:\/\/www.windmill.co.rs\/wp-content\/uploads\/2020\/12\/tousand-island-bolja.jpg 720w, http:\/\/www.windmill.co.rs\/wp-content\/uploads\/2020\/12\/tousand-island-bolja.jpg 360w\" alt=\"57_1tapestry_2009_wine_bottles\" width=\"720\" height=\"640\"><\/div>\n<div class=\"entry-body\">\n<header class=\"entry-header\"><i class=\"fa fa-cutlery\"><\/i><p><\/p>\n<p class=\"entry-title\">SAVORY PANTRY<\/p>\n<hr><\/header>\n<div class=\"entry-content\">\n<p><b>Homemade thousand island <\/b><\/p>\n<div class=\"visible-xl-block\">\n<\/div>\n<p><i class=\"price\">RSD 250<\/i><\/p>\n<\/div>\n<\/div>\n<div class=\"clearfix\">&nbsp;<\/div>\n<\/article>\n<\/div>\n<\/div>\n<\/div>\n<\/section>\n<p><\/p><\/main><p><\/p>\n<\/div>\n\n\n<p><\/p>","protected":false},"excerpt":{"rendered":"<p>&nbsp; &nbsp; Slatki \u0161pajz Brownies Narucite braunise. 10 komada Narucite nase braunise. kutija 10 komada RSD 600 &nbsp; Slani \u0161pajz Pile\u0107a pa\u0161teta RSD 250 &nbsp; Slani \u0161pajz Our NewPosna tuna pa\u0161teta RSD 300 &nbsp; Slani \u0161pajz Doma\u0107i thousand island RSD 250 &nbsp;<\/p>","protected":false},"author":1,"featured_media":0,"parent":0,"menu_order":0,"comment_status":"closed","ping_status":"closed","template":"","meta":{"ngg_post_thumbnail":0,"kk_blocks_editor_width":"","_kiokenblocks_attr":"","_kiokenblocks_dimensions":""},"_links":{"self":[{"href":"http:\/\/www.windmill.co.rs\/en\/wp-json\/wp\/v2\/pages\/1604"}],"collection":[{"href":"http:\/\/www.windmill.co.rs\/en\/wp-json\/wp\/v2\/pages"}],"about":[{"href":"http:\/\/www.windmill.co.rs\/en\/wp-json\/wp\/v2\/types\/page"}],"author":[{"embeddable":true,"href":"http:\/\/www.windmill.co.rs\/en\/wp-json\/wp\/v2\/users\/1"}],"replies":[{"embeddable":true,"href":"http:\/\/www.windmill.co.rs\/en\/wp-json\/wp\/v2\/comments?post=1604"}],"version-history":[{"count":75,"href":"http:\/\/www.windmill.co.rs\/en\/wp-json\/wp\/v2\/pages\/1604\/revisions"}],"predecessor-version":[{"id":2425,"href":"http:\/\/www.windmill.co.rs\/en\/wp-json\/wp\/v2\/pages\/1604\/revisions\/2425"}],"wp:attachment":[{"href":"http:\/\/www.windmill.co.rs\/en\/wp-json\/wp\/v2\/media?parent=1604"}],"curies":[{"name":"wp","href":"https:\/\/api.w.org\/{rel}","templated":true}]}}