{"id":1347,"date":"2020-10-13T12:27:05","date_gmt":"2020-10-13T12:27:05","guid":{"rendered":"http:\/\/www.windmill.co.rs\/?page_id=1347"},"modified":"2020-10-14T12:05:42","modified_gmt":"2020-10-14T12:05:42","slug":"pakovanje","status":"publish","type":"page","link":"http:\/\/www.windmill.co.rs\/sr_rs\/pakovanje\/","title":{"rendered":"Pakovanje"},"content":{"rendered":"\r\n<section id=\"\" class=\"section bg-alter has-header\">\r\n\r\n    <div class=\"container\"><div class=\"menu menu-isotope\"><ul class=\"nav nav-pills nav-isotope hidden-xs\"><li><a href=\"#\" data-filter=\".\"><i class=\"fa fa-cutlery\"><\/i><hr><\/a><\/li><\/ul><div class=\"isotope isotope-col-lg-6 isotope-compact isotope-menu\"><div class=\"column-sizer\"><\/div><div class=\"gutter-sizer\"><\/div><div class=\"item ambalaza\">\r\n<article id=\"post-1377\" class=\"template-simple post-1377 highgrove_dish type-highgrove_dish status-publish has-post-thumbnail hentry tag-ambalaza highgrove_dish_category-ambalaza\">\r\n\r\n    <div class=\"entry-thumbnail\">\r\n        <img width=\"128\" height=\"128\" src=\"https:\/\/www.windmill.co.rs\/wp-content\/uploads\/2020\/10\/IMG_3958-128x128.jpg\" class=\"img-responsive img-circle img-thumbnail wp-post-image\" alt=\"\" loading=\"lazy\" srcset=\"https:\/\/www.windmill.co.rs\/wp-content\/uploads\/2020\/10\/IMG_3958-128x128.jpg 128w, https:\/\/www.windmill.co.rs\/wp-content\/uploads\/2020\/10\/IMG_3958-150x150.jpg 150w, https:\/\/www.windmill.co.rs\/wp-content\/uploads\/2020\/10\/IMG_3958-300x300.jpg 300w, https:\/\/www.windmill.co.rs\/wp-content\/uploads\/2020\/10\/IMG_3958-768x768.jpg 768w, https:\/\/www.windmill.co.rs\/wp-content\/uploads\/2020\/10\/IMG_3958-1024x1024.jpg 1024w, https:\/\/www.windmill.co.rs\/wp-content\/uploads\/2020\/10\/IMG_3958-72x72.jpg 72w, https:\/\/www.windmill.co.rs\/wp-content\/uploads\/2020\/10\/IMG_3958-640x640.jpg 640w, https:\/\/www.windmill.co.rs\/wp-content\/uploads\/2020\/10\/IMG_3958.jpg 1080w\" sizes=\"(max-width: 128px) 100vw, 128px\" \/>    <\/div>\r\n\r\n    <div class=\"entry-body\">\r\n\r\n        <header class=\"entry-header\">\r\n\r\n            \r\n            <h3 class=\"entry-title\"><a href=\"http:\/\/www.windmill.co.rs\/sr_rs\/menu\/individualno-pakovani-dnevni-obroci-jednokratno-pakovanje-professional-thermoport\/\" rel=\"bookmark\">Individualno pakovani dnevni obroci<\/a><\/h3>\r\n            \r\n        <\/header>\r\n\r\n        <div class=\"entry-content\">\r\n            <p>Jednokratno pakovanje \u2013 Professional, Thermoport<\/p>\n\r\n                    <\/div>\r\n\r\n                <footer class=\"entry-footer\">\r\n            <span class=\"price\"> <\/span>        <\/footer>\r\n        \r\n    <\/div>\r\n\r\n<\/article><\/div><div class=\"item ambalaza\">\r\n<article id=\"post-1375\" class=\"template-simple post-1375 highgrove_dish type-highgrove_dish status-publish has-post-thumbnail hentry tag-ambalaza highgrove_dish_category-ambalaza\">\r\n\r\n    <div class=\"entry-thumbnail\">\r\n        <img width=\"128\" height=\"128\" src=\"https:\/\/www.windmill.co.rs\/wp-content\/uploads\/2020\/10\/5dd77926beae3-1-128x128.jpg\" class=\"img-responsive img-circle img-thumbnail wp-post-image\" alt=\"\" loading=\"lazy\" srcset=\"https:\/\/www.windmill.co.rs\/wp-content\/uploads\/2020\/10\/5dd77926beae3-1-128x128.jpg 128w, https:\/\/www.windmill.co.rs\/wp-content\/uploads\/2020\/10\/5dd77926beae3-1-150x150.jpg 150w, https:\/\/www.windmill.co.rs\/wp-content\/uploads\/2020\/10\/5dd77926beae3-1-300x300.jpg 300w, https:\/\/www.windmill.co.rs\/wp-content\/uploads\/2020\/10\/5dd77926beae3-1-72x72.jpg 72w, https:\/\/www.windmill.co.rs\/wp-content\/uploads\/2020\/10\/5dd77926beae3-1.jpg 466w\" sizes=\"(max-width: 128px) 100vw, 128px\" \/>    <\/div>\r\n\r\n    <div class=\"entry-body\">\r\n\r\n        <header class=\"entry-header\">\r\n\r\n            \r\n            <h3 class=\"entry-title\"><a href=\"http:\/\/www.windmill.co.rs\/sr_rs\/menu\/hrana-gastro-posude-povratno-pakovanje-professional-thermoport\/\" rel=\"bookmark\">Hrana + gastro posu\u0111e<\/a><\/h3>\r\n            \r\n        <\/header>\r\n\r\n        <div class=\"entry-content\">\r\n            <p>Povratno pakovanje \u2013 Professional, Thermoport<\/p>\n\r\n                    <\/div>\r\n\r\n                <footer class=\"entry-footer\">\r\n            <span class=\"price\"> <\/span>        <\/footer>\r\n        \r\n    <\/div>\r\n\r\n<\/article><\/div><div class=\"item ambalaza\">\r\n<article id=\"post-1367\" class=\"template-simple post-1367 highgrove_dish type-highgrove_dish status-publish has-post-thumbnail hentry tag-ambalaza highgrove_dish_category-ambalaza\">\r\n\r\n    <div class=\"entry-thumbnail\">\r\n        <img width=\"128\" height=\"128\" src=\"https:\/\/www.windmill.co.rs\/wp-content\/uploads\/2020\/10\/DSC_4603-128x128.jpg\" class=\"img-responsive img-circle img-thumbnail wp-post-image\" alt=\"\" loading=\"lazy\" srcset=\"https:\/\/www.windmill.co.rs\/wp-content\/uploads\/2020\/10\/DSC_4603-128x128.jpg 128w, https:\/\/www.windmill.co.rs\/wp-content\/uploads\/2020\/10\/DSC_4603-150x150.jpg 150w, https:\/\/www.windmill.co.rs\/wp-content\/uploads\/2020\/10\/DSC_4603-72x72.jpg 72w\" sizes=\"(max-width: 128px) 100vw, 128px\" \/>    <\/div>\r\n\r\n    <div class=\"entry-body\">\r\n\r\n        <header class=\"entry-header\">\r\n\r\n            \r\n            <h3 class=\"entry-title\"><a href=\"http:\/\/www.windmill.co.rs\/sr_rs\/menu\/bife-jednokratna-ambalaza\/\" rel=\"bookmark\">Bife\/Cocktail party + Jednokratna ambala\u017ea<\/a><\/h3>\r\n            \r\n        <\/header>\r\n\r\n        <div class=\"entry-content\">\r\n            <p>Jednokratna ambala\u017ea za bife. (Bonus &#8211; Besplatna dostava)<\/p>\n\r\n                    <\/div>\r\n\r\n                <footer class=\"entry-footer\">\r\n            <span class=\"price\"> <\/span>        <\/footer>\r\n        \r\n    <\/div>\r\n\r\n<\/article><\/div><div class=\"item ambalaza\">\r\n<article id=\"post-1372\" class=\"template-simple post-1372 highgrove_dish type-highgrove_dish status-publish has-post-thumbnail hentry tag-ambalaza highgrove_dish_category-ambalaza\">\r\n\r\n    <div class=\"entry-thumbnail\">\r\n        <img width=\"128\" height=\"128\" src=\"https:\/\/www.windmill.co.rs\/wp-content\/uploads\/2020\/10\/2222-128x128.jpg\" class=\"img-responsive img-circle img-thumbnail wp-post-image\" alt=\"\" loading=\"lazy\" srcset=\"https:\/\/www.windmill.co.rs\/wp-content\/uploads\/2020\/10\/2222-128x128.jpg 128w, https:\/\/www.windmill.co.rs\/wp-content\/uploads\/2020\/10\/2222-150x150.jpg 150w, https:\/\/www.windmill.co.rs\/wp-content\/uploads\/2020\/10\/2222-72x72.jpg 72w\" sizes=\"(max-width: 128px) 100vw, 128px\" \/>    <\/div>\r\n\r\n    <div class=\"entry-body\">\r\n\r\n        <header class=\"entry-header\">\r\n\r\n            \r\n            <h3 class=\"entry-title\"><a href=\"http:\/\/www.windmill.co.rs\/sr_rs\/menu\/finger-food-cocktail-posude-povratno\/\" rel=\"bookmark\">Finger food + cocktail<\/a><\/h3>\r\n            \r\n        <\/header>\r\n\r\n        <div class=\"entry-content\">\r\n            <p>Povratno posu\u0111e za finger food i cocktail party<\/p>\n\r\n                    <\/div>\r\n\r\n                <footer class=\"entry-footer\">\r\n            <span class=\"price\"> <\/span>        <\/footer>\r\n        \r\n    <\/div>\r\n\r\n<\/article><\/div><div class=\"item ambalaza\">\r\n<article id=\"post-1370\" class=\"template-simple post-1370 highgrove_dish type-highgrove_dish status-publish has-post-thumbnail hentry tag-ambalaza highgrove_dish_category-ambalaza\">\r\n\r\n    <div class=\"entry-thumbnail\">\r\n        <img width=\"128\" height=\"128\" src=\"https:\/\/www.windmill.co.rs\/wp-content\/uploads\/2020\/10\/IMG_6495-2-128x128.jpg\" class=\"img-responsive img-circle img-thumbnail wp-post-image\" alt=\"\" loading=\"lazy\" srcset=\"https:\/\/www.windmill.co.rs\/wp-content\/uploads\/2020\/10\/IMG_6495-2-128x128.jpg 128w, https:\/\/www.windmill.co.rs\/wp-content\/uploads\/2020\/10\/IMG_6495-2-150x150.jpg 150w, https:\/\/www.windmill.co.rs\/wp-content\/uploads\/2020\/10\/IMG_6495-2-72x72.jpg 72w\" sizes=\"(max-width: 128px) 100vw, 128px\" \/>    <\/div>\r\n\r\n    <div class=\"entry-body\">\r\n\r\n        <header class=\"entry-header\">\r\n\r\n            \r\n            <h3 class=\"entry-title\"><a href=\"http:\/\/www.windmill.co.rs\/sr_rs\/menu\/bife-posude-povratno\/\" rel=\"bookmark\">Bife + posu\u0111e<\/a><\/h3>\r\n            \r\n        <\/header>\r\n\r\n        <div class=\"entry-content\">\r\n            <p>Povratno posu\u0111e za bife<\/p>\n\r\n                    <\/div>\r\n\r\n                <footer class=\"entry-footer\">\r\n            <span class=\"price\"> <\/span>        <\/footer>\r\n        \r\n    <\/div>\r\n\r\n<\/article><\/div><div class=\"item ambalaza\">\r\n<article id=\"post-1366\" class=\"template-simple post-1366 highgrove_dish type-highgrove_dish status-publish has-post-thumbnail hentry tag-ambalaza highgrove_dish_category-ambalaza\">\r\n\r\n    <div class=\"entry-thumbnail\">\r\n        <img width=\"128\" height=\"128\" src=\"https:\/\/www.windmill.co.rs\/wp-content\/uploads\/2020\/10\/flat-design-collection-different-cocktails_23-2148609198-128x128.jpg\" class=\"img-responsive img-circle img-thumbnail wp-post-image\" alt=\"\" loading=\"lazy\" srcset=\"https:\/\/www.windmill.co.rs\/wp-content\/uploads\/2020\/10\/flat-design-collection-different-cocktails_23-2148609198-128x128.jpg 128w, https:\/\/www.windmill.co.rs\/wp-content\/uploads\/2020\/10\/flat-design-collection-different-cocktails_23-2148609198-150x150.jpg 150w, https:\/\/www.windmill.co.rs\/wp-content\/uploads\/2020\/10\/flat-design-collection-different-cocktails_23-2148609198-300x300.jpg 300w, https:\/\/www.windmill.co.rs\/wp-content\/uploads\/2020\/10\/flat-design-collection-different-cocktails_23-2148609198-72x72.jpg 72w, https:\/\/www.windmill.co.rs\/wp-content\/uploads\/2020\/10\/flat-design-collection-different-cocktails_23-2148609198.jpg 626w\" sizes=\"(max-width: 128px) 100vw, 128px\" \/>    <\/div>\r\n\r\n    <div class=\"entry-body\">\r\n\r\n        <header class=\"entry-header\">\r\n\r\n            \r\n            <h3 class=\"entry-title\"><a href=\"http:\/\/www.windmill.co.rs\/sr_rs\/menu\/najam-casa-solja-i-termosa-za-kafu-i-caj\/\" rel=\"bookmark\">Najam \u010da\u0161a, \u0161olja i termosa za kafu i \u010daj<\/a><\/h3>\r\n            \r\n        <\/header>\r\n\r\n        <div class=\"entry-content\">\r\n            <p>Najam \u010da\u0161a, \u0161olja i termosa za kafu i \u010daj<\/p>\n\r\n                    <\/div>\r\n\r\n                <footer class=\"entry-footer\">\r\n            <span class=\"price\"> <\/span>        <\/footer>\r\n        \r\n    <\/div>\r\n\r\n<\/article><\/div><\/div><\/div><\/div>\r\n<\/section>\n","protected":false},"excerpt":{"rendered":"","protected":false},"author":2,"featured_media":0,"parent":0,"menu_order":0,"comment_status":"closed","ping_status":"closed","template":"","meta":{"ngg_post_thumbnail":0,"kk_blocks_editor_width":"","_kiokenblocks_attr":"","_kiokenblocks_dimensions":""},"_links":{"self":[{"href":"http:\/\/www.windmill.co.rs\/sr_rs\/wp-json\/wp\/v2\/pages\/1347"}],"collection":[{"href":"http:\/\/www.windmill.co.rs\/sr_rs\/wp-json\/wp\/v2\/pages"}],"about":[{"href":"http:\/\/www.windmill.co.rs\/sr_rs\/wp-json\/wp\/v2\/types\/page"}],"author":[{"embeddable":true,"href":"http:\/\/www.windmill.co.rs\/sr_rs\/wp-json\/wp\/v2\/users\/2"}],"replies":[{"embeddable":true,"href":"http:\/\/www.windmill.co.rs\/sr_rs\/wp-json\/wp\/v2\/comments?post=1347"}],"version-history":[{"count":3,"href":"http:\/\/www.windmill.co.rs\/sr_rs\/wp-json\/wp\/v2\/pages\/1347\/revisions"}],"predecessor-version":[{"id":1403,"href":"http:\/\/www.windmill.co.rs\/sr_rs\/wp-json\/wp\/v2\/pages\/1347\/revisions\/1403"}],"wp:attachment":[{"href":"http:\/\/www.windmill.co.rs\/sr_rs\/wp-json\/wp\/v2\/media?parent=1347"}],"curies":[{"name":"wp","href":"https:\/\/api.w.org\/{rel}","templated":true}]}}