{"id":618,"date":"2018-03-28T11:20:52","date_gmt":"2018-03-28T11:20:52","guid":{"rendered":"http:\/\/www.windmill.co.rs\/?page_id=618"},"modified":"2021-01-04T08:31:46","modified_gmt":"2021-01-04T08:31:46","slug":"kokteli","status":"publish","type":"page","link":"http:\/\/www.windmill.co.rs\/sr_rs\/kokteli\/","title":{"rendered":"DNEVNA ISHRANA"},"content":{"rendered":"\n<div class=\"wp-container-1 wp-block-group\"><div class=\"wp-block-group__inner-container\">\n\r\n<section id=\"\" class=\"section bg-alter has-header\">\r\n\r\n    <div class=\"container\"><div class=\"menu menu-isotope\"><ul class=\"nav nav-pills nav-isotope hidden-xs\"><li><a href=\"#\" data-filter=\".\"><i class=\"fa fa-cutlery\"><\/i><hr><\/a><\/li><\/ul><div class=\"isotope isotope-col-lg-6 isotope-compact isotope-menu\"><div class=\"column-sizer\"><\/div><div class=\"gutter-sizer\"><\/div><div class=\"item dnevna-ishrana\">\r\n<article id=\"post-143\" class=\"template-simple post-143 highgrove_dish type-highgrove_dish status-publish has-post-thumbnail hentry tag-dnevna-ishrana highgrove_dish_category-dnevna-ishrana-proffesional\">\r\n\r\n    <div class=\"entry-thumbnail\">\r\n        <img width=\"128\" height=\"128\" src=\"https:\/\/www.windmill.co.rs\/wp-content\/uploads\/2015\/01\/DSC_2691-128x128.jpg\" class=\"img-responsive img-circle img-thumbnail wp-post-image\" alt=\"\" loading=\"lazy\" srcset=\"https:\/\/www.windmill.co.rs\/wp-content\/uploads\/2015\/01\/DSC_2691-128x128.jpg 128w, https:\/\/www.windmill.co.rs\/wp-content\/uploads\/2015\/01\/DSC_2691-150x150.jpg 150w, https:\/\/www.windmill.co.rs\/wp-content\/uploads\/2015\/01\/DSC_2691-72x72.jpg 72w\" sizes=\"(max-width: 128px) 100vw, 128px\" \/>    <\/div>\r\n\r\n    <div class=\"entry-body\">\r\n\r\n        <header class=\"entry-header\">\r\n\r\n            \r\n            <h3 class=\"entry-title\"><a href=\"http:\/\/www.windmill.co.rs\/sr_rs\/menu\/ishrana-na-poslu\/\" rel=\"bookmark\">Ishrana na poslu<\/a><\/h3>\r\n            \r\n        <\/header>\r\n\r\n        <div class=\"entry-content\">\r\n            <p>Profesionalna re\u0161enja za ishranu na poslu. Individualni obroci. Topli lanac isporuke. Poru\u010divanje putem aplikacije.<\/p>\n\r\n                    <\/div>\r\n\r\n                <footer class=\"entry-footer\">\r\n            <span class=\"price\"> <\/span>        <\/footer>\r\n        \r\n    <\/div>\r\n\r\n<\/article><\/div><div class=\"item dnevna-ishrana\">\r\n<article id=\"post-140\" class=\"template-simple post-140 highgrove_dish type-highgrove_dish status-publish has-post-thumbnail hentry tag-dnevna-ishrana highgrove_dish_category-dnevna-ishrana-proffesional\">\r\n\r\n    <div class=\"entry-thumbnail\">\r\n        <img width=\"128\" height=\"128\" src=\"https:\/\/www.windmill.co.rs\/wp-content\/uploads\/2015\/01\/DSC_2613-128x128.jpg\" class=\"img-responsive img-circle img-thumbnail wp-post-image\" alt=\"\" loading=\"lazy\" srcset=\"https:\/\/www.windmill.co.rs\/wp-content\/uploads\/2015\/01\/DSC_2613-128x128.jpg 128w, https:\/\/www.windmill.co.rs\/wp-content\/uploads\/2015\/01\/DSC_2613-150x150.jpg 150w, https:\/\/www.windmill.co.rs\/wp-content\/uploads\/2015\/01\/DSC_2613-72x72.jpg 72w\" sizes=\"(max-width: 128px) 100vw, 128px\" \/>    <\/div>\r\n\r\n    <div class=\"entry-body\">\r\n\r\n        <header class=\"entry-header\">\r\n\r\n            \r\n            <h3 class=\"entry-title\"><a href=\"http:\/\/www.windmill.co.rs\/sr_rs\/menu\/ishrana-u-skoli\/\" rel=\"bookmark\">Ishrana u \u0161koli<\/a><\/h3>\r\n            \r\n        <\/header>\r\n\r\n        <div class=\"entry-content\">\r\n            <p>Razli\u010dite dnevne opcije. Poru\u010divanje i sve naknadne izmene putem aplikacije.<br \/>\nIndividualno pakovanje ili usluga snabdevanja kantine.<\/p>\n\r\n                    <\/div>\r\n\r\n                <footer class=\"entry-footer\">\r\n            <span class=\"price\"> <\/span>        <\/footer>\r\n        \r\n    <\/div>\r\n\r\n<\/article><\/div><div class=\"item dnevna-ishrana\">\r\n<article id=\"post-136\" class=\"template-simple post-136 highgrove_dish type-highgrove_dish status-publish has-post-thumbnail hentry tag-dnevna-ishrana highgrove_dish_category-dnevna-ishrana-proffesional\">\r\n\r\n    <div class=\"entry-thumbnail\">\r\n        <img width=\"128\" height=\"128\" src=\"https:\/\/www.windmill.co.rs\/wp-content\/uploads\/2015\/01\/DSC_1333-128x128.jpg\" class=\"img-responsive img-circle img-thumbnail wp-post-image\" alt=\"\" loading=\"lazy\" srcset=\"https:\/\/www.windmill.co.rs\/wp-content\/uploads\/2015\/01\/DSC_1333-128x128.jpg 128w, https:\/\/www.windmill.co.rs\/wp-content\/uploads\/2015\/01\/DSC_1333-150x150.jpg 150w, https:\/\/www.windmill.co.rs\/wp-content\/uploads\/2015\/01\/DSC_1333-72x72.jpg 72w\" sizes=\"(max-width: 128px) 100vw, 128px\" \/>    <\/div>\r\n\r\n    <div class=\"entry-body\">\r\n\r\n        <header class=\"entry-header\">\r\n\r\n            \r\n            <h3 class=\"entry-title\"><a href=\"http:\/\/www.windmill.co.rs\/sr_rs\/menu\/ishrana-u-produzenom-boravku\/\" rel=\"bookmark\">Ishrana u produ\u017eenom boravku<\/a><\/h3>\r\n            \r\n        <\/header>\r\n\r\n        <div class=\"entry-content\">\r\n            <p>Ru\u010dak za osnovce u boravku. Individualni obroci uz pribor za jelo. Topli lanac isporuke. Popodnevna u\u017eina ili vo\u0107e.<\/p>\n\r\n                    <\/div>\r\n\r\n                <footer class=\"entry-footer\">\r\n            <span class=\"price\"> <\/span>        <\/footer>\r\n        \r\n    <\/div>\r\n\r\n<\/article><\/div><div class=\"item dnevna-ishrana\">\r\n<article id=\"post-134\" class=\"template-simple post-134 highgrove_dish type-highgrove_dish status-publish has-post-thumbnail hentry tag-dnevna-ishrana highgrove_dish_category-dnevna-ishrana-proffesional\">\r\n\r\n    <div class=\"entry-thumbnail\">\r\n        <img width=\"128\" height=\"128\" src=\"https:\/\/www.windmill.co.rs\/wp-content\/uploads\/2015\/01\/DSC_1385-128x128.jpg\" class=\"img-responsive img-circle img-thumbnail wp-post-image\" alt=\"\" loading=\"lazy\" srcset=\"https:\/\/www.windmill.co.rs\/wp-content\/uploads\/2015\/01\/DSC_1385-128x128.jpg 128w, https:\/\/www.windmill.co.rs\/wp-content\/uploads\/2015\/01\/DSC_1385-150x150.jpg 150w, https:\/\/www.windmill.co.rs\/wp-content\/uploads\/2015\/01\/DSC_1385-72x72.jpg 72w\" sizes=\"(max-width: 128px) 100vw, 128px\" \/>    <\/div>\r\n\r\n    <div class=\"entry-body\">\r\n\r\n        <header class=\"entry-header\">\r\n\r\n            \r\n            <h3 class=\"entry-title\"><a href=\"http:\/\/www.windmill.co.rs\/sr_rs\/menu\/ishrana-predskolskih-ustanova\/\" rel=\"bookmark\">Ishrana pred\u0161kolskih ustanova<\/a><\/h3>\r\n            \r\n        <\/header>\r\n\r\n        <div class=\"entry-content\">\r\n            <p>Kompletna ishrana u pred\u0161kolskim ustanovama. Topli lanac isporuke. Saradnja sa nutricionistom.<\/p>\n\r\n                    <\/div>\r\n\r\n                <footer class=\"entry-footer\">\r\n            <span class=\"price\"> <\/span>        <\/footer>\r\n        \r\n    <\/div>\r\n\r\n<\/article><\/div><div class=\"item dnevna-ishrana\">\r\n<article id=\"post-130\" class=\"template-simple post-130 highgrove_dish type-highgrove_dish status-publish has-post-thumbnail hentry tag-dnevna-ishrana highgrove_dish_category-dnevna-ishrana-proffesional\">\r\n\r\n    <div class=\"entry-thumbnail\">\r\n        <img width=\"128\" height=\"128\" src=\"https:\/\/www.windmill.co.rs\/wp-content\/uploads\/2015\/01\/uxRHIey-128x128.jpeg\" class=\"img-responsive img-circle img-thumbnail wp-post-image\" alt=\"CGC Studio\" loading=\"lazy\" srcset=\"https:\/\/www.windmill.co.rs\/wp-content\/uploads\/2015\/01\/uxRHIey-128x128.jpeg 128w, https:\/\/www.windmill.co.rs\/wp-content\/uploads\/2015\/01\/uxRHIey-150x150.jpeg 150w, https:\/\/www.windmill.co.rs\/wp-content\/uploads\/2015\/01\/uxRHIey-300x300.jpeg 300w, https:\/\/www.windmill.co.rs\/wp-content\/uploads\/2015\/01\/uxRHIey-768x768.jpeg 768w, https:\/\/www.windmill.co.rs\/wp-content\/uploads\/2015\/01\/uxRHIey-72x72.jpeg 72w, https:\/\/www.windmill.co.rs\/wp-content\/uploads\/2015\/01\/uxRHIey-640x640.jpeg 640w, https:\/\/www.windmill.co.rs\/wp-content\/uploads\/2015\/01\/uxRHIey.jpeg 812w\" sizes=\"(max-width: 128px) 100vw, 128px\" \/>    <\/div>\r\n\r\n    <div class=\"entry-body\">\r\n\r\n        <header class=\"entry-header\">\r\n\r\n            \r\n            <h3 class=\"entry-title\"><a href=\"http:\/\/www.windmill.co.rs\/sr_rs\/menu\/kantina\/\" rel=\"bookmark\">Posebna re\u0161enja u dnevnoj ishrani<\/a><\/h3>\r\n            \r\n        <\/header>\r\n\r\n        <div class=\"entry-content\">\r\n            <p>Snabdevanje kantina za potrebe \u0111aka i zaposlenih.<\/p>\n\r\n                    <\/div>\r\n\r\n                <footer class=\"entry-footer\">\r\n            <span class=\"price\"> <\/span>        <\/footer>\r\n        \r\n    <\/div>\r\n\r\n<\/article><\/div><div class=\"item dnevna-ishrana\">\r\n<article id=\"post-122\" class=\"template-simple post-122 highgrove_dish type-highgrove_dish status-publish has-post-thumbnail hentry tag-dnevna-ishrana highgrove_dish_category-dnevna-ishrana-proffesional\">\r\n\r\n    <div class=\"entry-thumbnail\">\r\n        <img width=\"128\" height=\"128\" src=\"https:\/\/www.windmill.co.rs\/wp-content\/uploads\/2015\/01\/uxRHIey-128x128.jpeg\" class=\"img-responsive img-circle img-thumbnail wp-post-image\" alt=\"CGC Studio\" loading=\"lazy\" srcset=\"https:\/\/www.windmill.co.rs\/wp-content\/uploads\/2015\/01\/uxRHIey-128x128.jpeg 128w, https:\/\/www.windmill.co.rs\/wp-content\/uploads\/2015\/01\/uxRHIey-150x150.jpeg 150w, https:\/\/www.windmill.co.rs\/wp-content\/uploads\/2015\/01\/uxRHIey-300x300.jpeg 300w, https:\/\/www.windmill.co.rs\/wp-content\/uploads\/2015\/01\/uxRHIey-768x768.jpeg 768w, https:\/\/www.windmill.co.rs\/wp-content\/uploads\/2015\/01\/uxRHIey-72x72.jpeg 72w, https:\/\/www.windmill.co.rs\/wp-content\/uploads\/2015\/01\/uxRHIey-640x640.jpeg 640w, https:\/\/www.windmill.co.rs\/wp-content\/uploads\/2015\/01\/uxRHIey.jpeg 812w\" sizes=\"(max-width: 128px) 100vw, 128px\" \/>    <\/div>\r\n\r\n    <div class=\"entry-body\">\r\n\r\n        <header class=\"entry-header\">\r\n\r\n            \r\n            <h3 class=\"entry-title\"><a href=\"http:\/\/www.windmill.co.rs\/sr_rs\/menu\/ugovor-o-snabdevanju\/\" rel=\"bookmark\">Ugovoreno snabdevanje<\/a><\/h3>\r\n            \r\n        <\/header>\r\n\r\n        <div class=\"entry-content\">\r\n            <p>Ugovorom o saradnji mo\u017eete da ostvarite u\u0161tedu.<\/p>\n\r\n                    <\/div>\r\n\r\n                <footer class=\"entry-footer\">\r\n            <span class=\"price\"> <\/span>        <\/footer>\r\n        \r\n    <\/div>\r\n\r\n<\/article><\/div><\/div><\/div><\/div>\r\n<\/section>\n<\/div><\/div>\n","protected":false},"excerpt":{"rendered":"","protected":false},"author":1,"featured_media":0,"parent":0,"menu_order":0,"comment_status":"closed","ping_status":"closed","template":"","meta":{"ngg_post_thumbnail":0,"kk_blocks_editor_width":"","_kiokenblocks_attr":"","_kiokenblocks_dimensions":""},"_links":{"self":[{"href":"http:\/\/www.windmill.co.rs\/sr_rs\/wp-json\/wp\/v2\/pages\/618"}],"collection":[{"href":"http:\/\/www.windmill.co.rs\/sr_rs\/wp-json\/wp\/v2\/pages"}],"about":[{"href":"http:\/\/www.windmill.co.rs\/sr_rs\/wp-json\/wp\/v2\/types\/page"}],"author":[{"embeddable":true,"href":"http:\/\/www.windmill.co.rs\/sr_rs\/wp-json\/wp\/v2\/users\/1"}],"replies":[{"embeddable":true,"href":"http:\/\/www.windmill.co.rs\/sr_rs\/wp-json\/wp\/v2\/comments?post=618"}],"version-history":[{"count":47,"href":"http:\/\/www.windmill.co.rs\/sr_rs\/wp-json\/wp\/v2\/pages\/618\/revisions"}],"predecessor-version":[{"id":2494,"href":"http:\/\/www.windmill.co.rs\/sr_rs\/wp-json\/wp\/v2\/pages\/618\/revisions\/2494"}],"wp:attachment":[{"href":"http:\/\/www.windmill.co.rs\/sr_rs\/wp-json\/wp\/v2\/media?parent=618"}],"curies":[{"name":"wp","href":"https:\/\/api.w.org\/{rel}","templated":true}]}}