{"id":921,"date":"2020-10-06T09:08:51","date_gmt":"2020-10-06T09:08:51","guid":{"rendered":"http:\/\/www.windmill.co.rs\/?page_id=921"},"modified":"2020-10-07T18:42:02","modified_gmt":"2020-10-07T18:42:02","slug":"poslovna-ketering-resenja","status":"publish","type":"page","link":"http:\/\/www.windmill.co.rs\/sr_rs\/poslovna-ketering-resenja\/","title":{"rendered":"Poslovna ketering re\u0161enja"},"content":{"rendered":"\r\n<section id=\"\" class=\"section bg-alter has-header\">\r\n\r\n    <div class=\"container\"><div class=\"menu menu-isotope\"><ul class=\"nav nav-pills nav-isotope hidden-xs\"><li><a href=\"#\" data-filter=\".\"><i class=\"fa fa-cutlery\"><\/i><hr><\/a><\/li><\/ul><div class=\"isotope isotope-col-lg-6 isotope-compact isotope-menu\"><div class=\"column-sizer\"><\/div><div class=\"gutter-sizer\"><\/div><div class=\"item poslovna-ketering-resenja\">\r\n<article id=\"post-983\" class=\"template-simple post-983 highgrove_dish type-highgrove_dish status-publish has-post-thumbnail hentry tag-poslovna-ketering-resenja highgrove_dish_category-poslovna-ketering-resenja\">\r\n\r\n    <div class=\"entry-thumbnail\">\r\n        <img width=\"128\" height=\"128\" src=\"https:\/\/www.windmill.co.rs\/wp-content\/uploads\/2020\/12\/57176888_10157913924951756_8512702889515286528_o-128x128.jpg\" class=\"img-responsive img-circle img-thumbnail wp-post-image\" alt=\"\" loading=\"lazy\" srcset=\"https:\/\/www.windmill.co.rs\/wp-content\/uploads\/2020\/12\/57176888_10157913924951756_8512702889515286528_o-128x128.jpg 128w, https:\/\/www.windmill.co.rs\/wp-content\/uploads\/2020\/12\/57176888_10157913924951756_8512702889515286528_o-150x150.jpg 150w, https:\/\/www.windmill.co.rs\/wp-content\/uploads\/2020\/12\/57176888_10157913924951756_8512702889515286528_o-72x72.jpg 72w\" sizes=\"(max-width: 128px) 100vw, 128px\" \/>    <\/div>\r\n\r\n    <div class=\"entry-body\">\r\n\r\n        <header class=\"entry-header\">\r\n\r\n            \r\n            <h3 class=\"entry-title\"><a href=\"http:\/\/www.windmill.co.rs\/sr_rs\/menu\/koktel-posluzenje\/\" rel=\"bookmark\">KOKTEL POSLU\u017dENJE<\/a><\/h3>\r\n            \r\n        <\/header>\r\n\r\n        <div class=\"entry-content\">\r\n            <p>Vase specijalne prilike obelezite raznovrsnim ponudama mini zalogaja.<\/p>\n\r\n                    <\/div>\r\n\r\n                <footer class=\"entry-footer\">\r\n            <span class=\"price\"> <\/span>        <\/footer>\r\n        \r\n    <\/div>\r\n\r\n<\/article><\/div><div class=\"item poslovna-ketering-resenja\">\r\n<article id=\"post-987\" class=\"template-simple post-987 highgrove_dish type-highgrove_dish status-publish has-post-thumbnail hentry tag-poslovna-ketering-resenja highgrove_dish_category-poslovna-ketering-resenja\">\r\n\r\n    <div class=\"entry-thumbnail\">\r\n        <img width=\"128\" height=\"128\" src=\"https:\/\/www.windmill.co.rs\/wp-content\/uploads\/2020\/10\/IMG_6495-2-128x128.jpg\" class=\"img-responsive img-circle img-thumbnail wp-post-image\" alt=\"\" loading=\"lazy\" srcset=\"https:\/\/www.windmill.co.rs\/wp-content\/uploads\/2020\/10\/IMG_6495-2-128x128.jpg 128w, https:\/\/www.windmill.co.rs\/wp-content\/uploads\/2020\/10\/IMG_6495-2-150x150.jpg 150w, https:\/\/www.windmill.co.rs\/wp-content\/uploads\/2020\/10\/IMG_6495-2-72x72.jpg 72w\" sizes=\"(max-width: 128px) 100vw, 128px\" \/>    <\/div>\r\n\r\n    <div class=\"entry-body\">\r\n\r\n        <header class=\"entry-header\">\r\n\r\n            \r\n            <h3 class=\"entry-title\"><a href=\"http:\/\/www.windmill.co.rs\/sr_rs\/menu\/bife-posluzenje\/\" rel=\"bookmark\">BIFE POSLU\u017dENJE<\/a><\/h3>\r\n            \r\n        <\/header>\r\n\r\n        <div class=\"entry-content\">\r\n            <p>Raznovrsni izbor toplo\/hladnih jela za sve vrste doga\u0111aja. <\/p>\n\r\n                    <\/div>\r\n\r\n                <footer class=\"entry-footer\">\r\n            <span class=\"price\"> <\/span>        <\/footer>\r\n        \r\n    <\/div>\r\n\r\n<\/article><\/div><div class=\"item poslovna-ketering-resenja\">\r\n<article id=\"post-985\" class=\"template-simple post-985 highgrove_dish type-highgrove_dish status-publish has-post-thumbnail hentry tag-poslovna-ketering-resenja highgrove_dish_category-poslovna-ketering-resenja\">\r\n\r\n    <div class=\"entry-thumbnail\">\r\n        <img width=\"128\" height=\"128\" src=\"https:\/\/www.windmill.co.rs\/wp-content\/uploads\/2018\/03\/sl3-128x128.jpg\" class=\"img-responsive img-circle img-thumbnail wp-post-image\" alt=\"\" loading=\"lazy\" srcset=\"https:\/\/www.windmill.co.rs\/wp-content\/uploads\/2018\/03\/sl3-128x128.jpg 128w, https:\/\/www.windmill.co.rs\/wp-content\/uploads\/2018\/03\/sl3-150x150.jpg 150w, https:\/\/www.windmill.co.rs\/wp-content\/uploads\/2018\/03\/sl3-72x72.jpg 72w\" sizes=\"(max-width: 128px) 100vw, 128px\" \/>    <\/div>\r\n\r\n    <div class=\"entry-body\">\r\n\r\n        <header class=\"entry-header\">\r\n\r\n            \r\n            <h3 class=\"entry-title\"><a href=\"http:\/\/www.windmill.co.rs\/sr_rs\/menu\/snack-tapas\/\" rel=\"bookmark\">SNACK \/ TAPAS<\/a><\/h3>\r\n            \r\n        <\/header>\r\n\r\n        <div class=\"entry-content\">\r\n            <p>Po ugledu na \u0160pansku kuhinju predstavljamo Vam na\u0161e tapas ponude.<\/p>\n\r\n                    <\/div>\r\n\r\n                <footer class=\"entry-footer\">\r\n            <span class=\"price\"> <\/span>        <\/footer>\r\n        \r\n    <\/div>\r\n\r\n<\/article><\/div><div class=\"item poslovna-ketering-resenja\">\r\n<article id=\"post-1014\" class=\"template-simple post-1014 highgrove_dish type-highgrove_dish status-publish has-post-thumbnail hentry tag-poslovna-ketering-resenja highgrove_dish_category-poslovna-ketering-resenja\">\r\n\r\n    <div class=\"entry-thumbnail\">\r\n        <img width=\"128\" height=\"128\" src=\"https:\/\/www.windmill.co.rs\/wp-content\/uploads\/2020\/10\/DSC_9628-128x128.jpg\" class=\"img-responsive img-circle img-thumbnail wp-post-image\" alt=\"\" loading=\"lazy\" srcset=\"https:\/\/www.windmill.co.rs\/wp-content\/uploads\/2020\/10\/DSC_9628-128x128.jpg 128w, https:\/\/www.windmill.co.rs\/wp-content\/uploads\/2020\/10\/DSC_9628-150x150.jpg 150w, https:\/\/www.windmill.co.rs\/wp-content\/uploads\/2020\/10\/DSC_9628-72x72.jpg 72w\" sizes=\"(max-width: 128px) 100vw, 128px\" \/>    <\/div>\r\n\r\n    <div class=\"entry-body\">\r\n\r\n        <header class=\"entry-header\">\r\n\r\n            \r\n            <h3 class=\"entry-title\"><a href=\"http:\/\/www.windmill.co.rs\/sr_rs\/menu\/konferencije-i-seminari\/\" rel=\"bookmark\">KONFERENCIJE I SEMINARI<\/a><\/h3>\r\n            \r\n        <\/header>\r\n\r\n        <div class=\"entry-content\">\r\n            <p>\u0160iroki asortiman jela za seminare i konferencije.<br \/>\nSnack na pauzi ili topli obrok.<\/p>\n\r\n                    <\/div>\r\n\r\n                <footer class=\"entry-footer\">\r\n            <span class=\"price\"> <\/span>        <\/footer>\r\n        \r\n    <\/div>\r\n\r\n<\/article><\/div><div class=\"item poslovna-ketering-resenja\">\r\n<article id=\"post-1016\" class=\"template-simple post-1016 highgrove_dish type-highgrove_dish status-publish has-post-thumbnail hentry tag-poslovna-ketering-resenja highgrove_dish_category-poslovna-ketering-resenja\">\r\n\r\n    <div class=\"entry-thumbnail\">\r\n        <img width=\"128\" height=\"128\" src=\"https:\/\/www.windmill.co.rs\/wp-content\/uploads\/2020\/10\/DSC_9740-128x128.jpg\" class=\"img-responsive img-circle img-thumbnail wp-post-image\" alt=\"\" loading=\"lazy\" srcset=\"https:\/\/www.windmill.co.rs\/wp-content\/uploads\/2020\/10\/DSC_9740-128x128.jpg 128w, https:\/\/www.windmill.co.rs\/wp-content\/uploads\/2020\/10\/DSC_9740-150x150.jpg 150w, https:\/\/www.windmill.co.rs\/wp-content\/uploads\/2020\/10\/DSC_9740-72x72.jpg 72w\" sizes=\"(max-width: 128px) 100vw, 128px\" \/>    <\/div>\r\n\r\n    <div class=\"entry-body\">\r\n\r\n        <header class=\"entry-header\">\r\n\r\n            \r\n            <h3 class=\"entry-title\"><a href=\"http:\/\/www.windmill.co.rs\/sr_rs\/menu\/tematski-catering\/\" rel=\"bookmark\">TEMATSKI CATERING<\/a><\/h3>\r\n            \r\n        <\/header>\r\n\r\n        <div class=\"entry-content\">\r\n            <p>Predstavljanje Va\u0161eg proizvoda ili obelezavanje tematskih doga\u0111aja uz na\u0161u pomoc. <\/p>\n\r\n                    <\/div>\r\n\r\n                <footer class=\"entry-footer\">\r\n            <span class=\"price\"> <\/span>        <\/footer>\r\n        \r\n    <\/div>\r\n\r\n<\/article><\/div><div class=\"item poslovna-ketering-resenja\">\r\n<article id=\"post-1020\" class=\"template-simple post-1020 highgrove_dish type-highgrove_dish status-publish has-post-thumbnail hentry tag-poslovna-ketering-resenja highgrove_dish_category-poslovna-ketering-resenja\">\r\n\r\n    <div class=\"entry-thumbnail\">\r\n        <img width=\"128\" height=\"128\" src=\"https:\/\/www.windmill.co.rs\/wp-content\/uploads\/2020\/10\/3-128x128.jpg\" class=\"img-responsive img-circle img-thumbnail wp-post-image\" alt=\"\" loading=\"lazy\" srcset=\"https:\/\/www.windmill.co.rs\/wp-content\/uploads\/2020\/10\/3-128x128.jpg 128w, https:\/\/www.windmill.co.rs\/wp-content\/uploads\/2020\/10\/3-150x150.jpg 150w, https:\/\/www.windmill.co.rs\/wp-content\/uploads\/2020\/10\/3-72x72.jpg 72w\" sizes=\"(max-width: 128px) 100vw, 128px\" \/>    <\/div>\r\n\r\n    <div class=\"entry-body\">\r\n\r\n        <header class=\"entry-header\">\r\n\r\n            \r\n            <h3 class=\"entry-title\"><a href=\"http:\/\/www.windmill.co.rs\/sr_rs\/menu\/ishrana-na-snimanjima\/\" rel=\"bookmark\">ISHRANA NA SNIMANJIMA<\/a><\/h3>\r\n            \r\n        <\/header>\r\n\r\n        <div class=\"entry-content\">\r\n            <p>Organizacija ishrane filmskih ekipa. Individualno pakovana hrana, topli obroci.<\/p>\n\r\n                    <\/div>\r\n\r\n                <footer class=\"entry-footer\">\r\n            <span class=\"price\"> <\/span>        <\/footer>\r\n        \r\n    <\/div>\r\n\r\n<\/article><\/div><div class=\"item poslovna-ketering-resenja\">\r\n<article id=\"post-1022\" class=\"template-simple post-1022 highgrove_dish type-highgrove_dish status-publish has-post-thumbnail hentry tag-poslovna-ketering-resenja highgrove_dish_category-poslovna-ketering-resenja\">\r\n\r\n    <div class=\"entry-thumbnail\">\r\n        <img width=\"128\" height=\"128\" src=\"https:\/\/www.windmill.co.rs\/wp-content\/uploads\/2020\/10\/25-128x128.jpg\" class=\"img-responsive img-circle img-thumbnail wp-post-image\" alt=\"\" loading=\"lazy\" srcset=\"https:\/\/www.windmill.co.rs\/wp-content\/uploads\/2020\/10\/25-128x128.jpg 128w, https:\/\/www.windmill.co.rs\/wp-content\/uploads\/2020\/10\/25-150x150.jpg 150w, https:\/\/www.windmill.co.rs\/wp-content\/uploads\/2020\/10\/25-300x300.jpg 300w, https:\/\/www.windmill.co.rs\/wp-content\/uploads\/2020\/10\/25-768x768.jpg 768w, https:\/\/www.windmill.co.rs\/wp-content\/uploads\/2020\/10\/25-1024x1024.jpg 1024w, https:\/\/www.windmill.co.rs\/wp-content\/uploads\/2020\/10\/25-72x72.jpg 72w, https:\/\/www.windmill.co.rs\/wp-content\/uploads\/2020\/10\/25-640x640.jpg 640w, https:\/\/www.windmill.co.rs\/wp-content\/uploads\/2020\/10\/25.jpg 1280w\" sizes=\"(max-width: 128px) 100vw, 128px\" \/>    <\/div>\r\n\r\n    <div class=\"entry-body\">\r\n\r\n        <header class=\"entry-header\">\r\n\r\n            \r\n            <h3 class=\"entry-title\"><a href=\"http:\/\/www.windmill.co.rs\/sr_rs\/menu\/b2b\/\" rel=\"bookmark\">B2B<\/a><\/h3>\r\n            \r\n        <\/header>\r\n\r\n        <div class=\"entry-content\">\r\n            <p>Izlazimo u susret raznim posebnim zahtevima u skladu sa mogu\u0107nostima.<\/p>\n\r\n                    <\/div>\r\n\r\n                <footer class=\"entry-footer\">\r\n            <span class=\"price\"> <\/span>        <\/footer>\r\n        \r\n    <\/div>\r\n\r\n<\/article><\/div><div class=\"item poslovna-ketering-resenja\">\r\n<article id=\"post-1024\" class=\"template-simple post-1024 highgrove_dish type-highgrove_dish status-publish has-post-thumbnail hentry tag-poslovna-ketering-resenja highgrove_dish_category-poslovna-ketering-resenja\">\r\n\r\n    <div class=\"entry-thumbnail\">\r\n        <img width=\"128\" height=\"128\" src=\"https:\/\/www.windmill.co.rs\/wp-content\/uploads\/2020\/10\/DSC_1875-128x128.jpg\" class=\"img-responsive img-circle img-thumbnail wp-post-image\" alt=\"\" loading=\"lazy\" srcset=\"https:\/\/www.windmill.co.rs\/wp-content\/uploads\/2020\/10\/DSC_1875-128x128.jpg 128w, https:\/\/www.windmill.co.rs\/wp-content\/uploads\/2020\/10\/DSC_1875-150x150.jpg 150w, https:\/\/www.windmill.co.rs\/wp-content\/uploads\/2020\/10\/DSC_1875-72x72.jpg 72w\" sizes=\"(max-width: 128px) 100vw, 128px\" \/>    <\/div>\r\n\r\n    <div class=\"entry-body\">\r\n\r\n        <header class=\"entry-header\">\r\n\r\n            \r\n            <h3 class=\"entry-title\"><a href=\"http:\/\/www.windmill.co.rs\/sr_rs\/menu\/pauza-za-kafu-caj-i-osvezenja\/\" rel=\"bookmark\">PAUZA ZA KAFU, \u010cAJ I OSVE\u017dENJA<\/a><\/h3>\r\n            \r\n        <\/header>\r\n\r\n        <div class=\"entry-content\">\r\n            <p>U\u017eivajte u pauzi uz na\u0161u ponudu osve\u017eavaju\u0107ih pi\u0107a i kola\u010da.<\/p>\n\r\n                    <\/div>\r\n\r\n                <footer class=\"entry-footer\">\r\n            <span class=\"price\"> <\/span>        <\/footer>\r\n        \r\n    <\/div>\r\n\r\n<\/article><\/div><\/div><\/div><\/div>\r\n<\/section>\n","protected":false},"excerpt":{"rendered":"","protected":false},"author":2,"featured_media":0,"parent":0,"menu_order":0,"comment_status":"closed","ping_status":"closed","template":"","meta":{"ngg_post_thumbnail":0,"kk_blocks_editor_width":"","_kiokenblocks_attr":"","_kiokenblocks_dimensions":""},"_links":{"self":[{"href":"http:\/\/www.windmill.co.rs\/sr_rs\/wp-json\/wp\/v2\/pages\/921"}],"collection":[{"href":"http:\/\/www.windmill.co.rs\/sr_rs\/wp-json\/wp\/v2\/pages"}],"about":[{"href":"http:\/\/www.windmill.co.rs\/sr_rs\/wp-json\/wp\/v2\/types\/page"}],"author":[{"embeddable":true,"href":"http:\/\/www.windmill.co.rs\/sr_rs\/wp-json\/wp\/v2\/users\/2"}],"replies":[{"embeddable":true,"href":"http:\/\/www.windmill.co.rs\/sr_rs\/wp-json\/wp\/v2\/comments?post=921"}],"version-history":[{"count":22,"href":"http:\/\/www.windmill.co.rs\/sr_rs\/wp-json\/wp\/v2\/pages\/921\/revisions"}],"predecessor-version":[{"id":1073,"href":"http:\/\/www.windmill.co.rs\/sr_rs\/wp-json\/wp\/v2\/pages\/921\/revisions\/1073"}],"wp:attachment":[{"href":"http:\/\/www.windmill.co.rs\/sr_rs\/wp-json\/wp\/v2\/media?parent=921"}],"curies":[{"name":"wp","href":"https:\/\/api.w.org\/{rel}","templated":true}]}}