{"id":1379,"date":"2020-10-13T12:52:34","date_gmt":"2020-10-13T12:52:34","guid":{"rendered":"http:\/\/www.windmill.co.rs\/?page_id=1379"},"modified":"2020-10-30T11:44:57","modified_gmt":"2020-10-30T11:44:57","slug":"usluge-osoblja","status":"publish","type":"page","link":"https:\/\/www.windmill.co.rs\/sr_rs\/usluge-osoblja\/","title":{"rendered":"Usluge personala"},"content":{"rendered":"<p>&nbsp;<\/p>\n<p style=\"padding-left: 30px; text-align: left;\">Mogu\u0107nost pru\u017eanja usluga stru\u010dnog osoblja:<\/p>\n<ul>\n<li style=\"text-align: left;\"><em>Konobari<\/em><\/li>\n<li style=\"text-align: left;\"><em>Barmeni<\/em><\/li>\n<li style=\"text-align: left;\"><em>Postavljanje bifea<\/em><\/li>\n<\/ul>\n","protected":false},"excerpt":{"rendered":"<p>usluge stru\u010dnog osoblja<\/p>\n","protected":false},"author":2,"featured_media":0,"parent":0,"menu_order":0,"comment_status":"closed","ping_status":"closed","template":"","meta":{"ngg_post_thumbnail":0,"kk_blocks_editor_width":"","_kiokenblocks_attr":"","_kiokenblocks_dimensions":""},"_links":{"self":[{"href":"https:\/\/www.windmill.co.rs\/sr_rs\/wp-json\/wp\/v2\/pages\/1379"}],"collection":[{"href":"https:\/\/www.windmill.co.rs\/sr_rs\/wp-json\/wp\/v2\/pages"}],"about":[{"href":"https:\/\/www.windmill.co.rs\/sr_rs\/wp-json\/wp\/v2\/types\/page"}],"author":[{"embeddable":true,"href":"https:\/\/www.windmill.co.rs\/sr_rs\/wp-json\/wp\/v2\/users\/2"}],"replies":[{"embeddable":true,"href":"https:\/\/www.windmill.co.rs\/sr_rs\/wp-json\/wp\/v2\/comments?post=1379"}],"version-history":[{"count":23,"href":"https:\/\/www.windmill.co.rs\/sr_rs\/wp-json\/wp\/v2\/pages\/1379\/revisions"}],"predecessor-version":[{"id":1995,"href":"https:\/\/www.windmill.co.rs\/sr_rs\/wp-json\/wp\/v2\/pages\/1379\/revisions\/1995"}],"wp:attachment":[{"href":"https:\/\/www.windmill.co.rs\/sr_rs\/wp-json\/wp\/v2\/media?parent=1379"}],"curies":[{"name":"wp","href":"https:\/\/api.w.org\/{rel}","templated":true}]}}